{"id":2287,"date":"2024-05-18T15:41:48","date_gmt":"2024-05-18T15:41:48","guid":{"rendered":"https:\/\/prestrend.ro\/product\/munkalapba-sullyesztheto-konnektor-harom-220v-aljzattal-es-2db-usb-aljzattal\/"},"modified":"2024-05-18T15:41:48","modified_gmt":"2024-05-18T15:41:48","slug":"munkalapba-sullyesztheto-konnektor-harom-220v-aljzattal-es-2db-usb-aljzattal","status":"publish","type":"product","link":"https:\/\/prestrend.ro\/hu\/termek\/munkalapba-sullyesztheto-konnektor-harom-220v-aljzattal-es-2db-usb-aljzattal\/","title":{"rendered":"munkalapba sullyesztheto konnektor harom 220v aljzattal es 2db usb aljzattal"},"content":{"rendered":"<p>munkalapba sullyesztheto konnektor harom 220v aljzattal es 2db usb aljzattal<\/p>\n","protected":false},"excerpt":{"rendered":"<p>munkalapba sullyesztheto konnektor harom 220v aljzattal es 2db usb aljzattal<\/p>\n","protected":false},"featured_media":2286,"comment_status":"open","ping_status":"closed","template":"","meta":[],"product_brand":[],"product_cat":[],"product_tag":[],"class_list":{"0":"post-2287","1":"product","2":"type-product","3":"status-publish","4":"has-post-thumbnail","7":"first","8":"instock","9":"taxable","10":"shipping-taxable","11":"purchasable","12":"product-type-simple"},"yoast_head":"<!-- This site is optimized with the Yoast SEO Premium plugin v23.0 (Yoast SEO v25.7) - https:\/\/yoast.com\/wordpress\/plugins\/seo\/ -->\n<title>munkalapba sullyesztheto konnektor harom 220v aljzattal es 2db usb aljzattal - Prestrend<\/title>\n<meta name=\"robots\" content=\"index, follow, max-snippet:-1, max-image-preview:large, max-video-preview:-1\" \/>\n<link rel=\"canonical\" href=\"https:\/\/prestrend.ro\/hu\/termek\/munkalapba-sullyesztheto-konnektor-harom-220v-aljzattal-es-2db-usb-aljzattal\/\" \/>\n<meta property=\"og:locale\" content=\"hu_HU\" \/>\n<meta property=\"og:type\" content=\"article\" \/>\n<meta property=\"og:title\" content=\"munkalapba sullyesztheto konnektor harom 220v aljzattal es 2db usb aljzattal\" \/>\n<meta property=\"og:description\" content=\"munkalapba sullyesztheto konnektor harom 220v aljzattal es 2db usb aljzattal\" \/>\n<meta property=\"og:url\" content=\"https:\/\/prestrend.ro\/hu\/termek\/munkalapba-sullyesztheto-konnektor-harom-220v-aljzattal-es-2db-usb-aljzattal\/\" \/>\n<meta property=\"og:site_name\" content=\"Prestrend\" \/>\n<meta property=\"article:publisher\" content=\"https:\/\/www.facebook.com\/profile.php?id=100005798148721\" \/>\n<meta property=\"og:image\" content=\"https:\/\/prestrend.ro\/wp-content\/uploads\/2024\/05\/ae-pbsuc2gs-53.jpg\" \/>\n\t<meta property=\"og:image:width\" content=\"225\" \/>\n\t<meta property=\"og:image:height\" content=\"225\" \/>\n\t<meta property=\"og:image:type\" content=\"image\/jpeg\" \/>\n<meta name=\"twitter:card\" content=\"summary_large_image\" \/>\n<meta name=\"twitter:label1\" content=\"\u00c1r\" \/>\n\t<meta name=\"twitter:data1\" content=\"205,00&nbsp;lei\" \/>\n\t<meta name=\"twitter:label2\" content=\"El\u00e9rhet\u0151s\u00e9g\" \/>\n\t<meta name=\"twitter:data2\" content=\"K\u00e9szleten\" \/>\n<script type=\"application\/ld+json\" class=\"yoast-schema-graph\">{\"@context\":\"https:\/\/schema.org\",\"@graph\":[{\"@type\":\"WebPage\",\"@id\":\"https:\/\/prestrend.ro\/hu\/termek\/munkalapba-sullyesztheto-konnektor-harom-220v-aljzattal-es-2db-usb-aljzattal\/\",\"url\":\"https:\/\/prestrend.ro\/hu\/termek\/munkalapba-sullyesztheto-konnektor-harom-220v-aljzattal-es-2db-usb-aljzattal\/\",\"name\":\"munkalapba sullyesztheto konnektor harom 220v aljzattal es 2db usb aljzattal - Prestrend\",\"isPartOf\":{\"@id\":\"https:\/\/prestrend.ro\/hu\/#website\"},\"primaryImageOfPage\":{\"@id\":\"https:\/\/prestrend.ro\/hu\/termek\/munkalapba-sullyesztheto-konnektor-harom-220v-aljzattal-es-2db-usb-aljzattal\/#primaryimage\"},\"image\":{\"@id\":\"https:\/\/prestrend.ro\/hu\/termek\/munkalapba-sullyesztheto-konnektor-harom-220v-aljzattal-es-2db-usb-aljzattal\/#primaryimage\"},\"thumbnailUrl\":\"https:\/\/prestrend.ro\/wp-content\/uploads\/2024\/05\/ae-pbsuc2gs-53.jpg\",\"datePublished\":\"2024-05-18T15:41:48+00:00\",\"breadcrumb\":{\"@id\":\"https:\/\/prestrend.ro\/hu\/termek\/munkalapba-sullyesztheto-konnektor-harom-220v-aljzattal-es-2db-usb-aljzattal\/#breadcrumb\"},\"inLanguage\":\"hu\",\"potentialAction\":[{\"@type\":\"ReadAction\",\"target\":[\"https:\/\/prestrend.ro\/hu\/termek\/munkalapba-sullyesztheto-konnektor-harom-220v-aljzattal-es-2db-usb-aljzattal\/\"]}]},{\"@type\":\"ImageObject\",\"inLanguage\":\"hu\",\"@id\":\"https:\/\/prestrend.ro\/hu\/termek\/munkalapba-sullyesztheto-konnektor-harom-220v-aljzattal-es-2db-usb-aljzattal\/#primaryimage\",\"url\":\"https:\/\/prestrend.ro\/wp-content\/uploads\/2024\/05\/ae-pbsuc2gs-53.jpg\",\"contentUrl\":\"https:\/\/prestrend.ro\/wp-content\/uploads\/2024\/05\/ae-pbsuc2gs-53.jpg\",\"width\":225,\"height\":225},{\"@type\":\"BreadcrumbList\",\"@id\":\"https:\/\/prestrend.ro\/hu\/termek\/munkalapba-sullyesztheto-konnektor-harom-220v-aljzattal-es-2db-usb-aljzattal\/#breadcrumb\",\"itemListElement\":[{\"@type\":\"ListItem\",\"position\":1,\"name\":\"Home\",\"item\":\"https:\/\/prestrend.ro\/hu\/\"},{\"@type\":\"ListItem\",\"position\":2,\"name\":\"Produse\",\"item\":\"https:\/\/prestrend.ro\/produse\/\"},{\"@type\":\"ListItem\",\"position\":3,\"name\":\"munkalapba sullyesztheto konnektor harom 220v aljzattal es 2db usb aljzattal\"}]},{\"@type\":\"WebSite\",\"@id\":\"https:\/\/prestrend.ro\/hu\/#website\",\"url\":\"https:\/\/prestrend.ro\/hu\/\",\"name\":\"Prestrend\",\"description\":\"Accesorii mobil\u0103 de la A la Z\",\"publisher\":{\"@id\":\"https:\/\/prestrend.ro\/hu\/#organization\"},\"potentialAction\":[{\"@type\":\"SearchAction\",\"target\":{\"@type\":\"EntryPoint\",\"urlTemplate\":\"https:\/\/prestrend.ro\/hu\/?s={search_term_string}\"},\"query-input\":{\"@type\":\"PropertyValueSpecification\",\"valueRequired\":true,\"valueName\":\"search_term_string\"}}],\"inLanguage\":\"hu\"},{\"@type\":\"Organization\",\"@id\":\"https:\/\/prestrend.ro\/hu\/#organization\",\"name\":\"Prestrend\",\"url\":\"https:\/\/prestrend.ro\/hu\/\",\"logo\":{\"@type\":\"ImageObject\",\"inLanguage\":\"hu\",\"@id\":\"https:\/\/prestrend.ro\/hu\/#\/schema\/logo\/image\/\",\"url\":\"https:\/\/prestrend.ro\/wp-content\/uploads\/2024\/03\/logo-prestrend@2x.png\",\"contentUrl\":\"https:\/\/prestrend.ro\/wp-content\/uploads\/2024\/03\/logo-prestrend@2x.png\",\"width\":580,\"height\":44,\"caption\":\"Prestrend\"},\"image\":{\"@id\":\"https:\/\/prestrend.ro\/hu\/#\/schema\/logo\/image\/\"},\"sameAs\":[\"https:\/\/www.facebook.com\/profile.php?id=100005798148721\"]}]}<\/script>\n<meta property=\"product:price:amount\" content=\"205.00\" \/>\n<meta property=\"product:price:currency\" content=\"RON\" \/>\n<meta property=\"og:availability\" content=\"instock\" \/>\n<meta property=\"product:availability\" content=\"instock\" \/>\n<meta property=\"product:retailer_item_id\" content=\"ae-pbscuc2gs-53\" \/>\n<meta property=\"product:condition\" content=\"new\" \/>\n<!-- \/ Yoast SEO Premium plugin. -->","yoast_head_json":{"title":"munkalapba sullyesztheto konnektor harom 220v aljzattal es 2db usb aljzattal - Prestrend","robots":{"index":"index","follow":"follow","max-snippet":"max-snippet:-1","max-image-preview":"max-image-preview:large","max-video-preview":"max-video-preview:-1"},"canonical":"https:\/\/prestrend.ro\/hu\/termek\/munkalapba-sullyesztheto-konnektor-harom-220v-aljzattal-es-2db-usb-aljzattal\/","og_locale":"hu_HU","og_type":"article","og_title":"munkalapba sullyesztheto konnektor harom 220v aljzattal es 2db usb aljzattal","og_description":"munkalapba sullyesztheto konnektor harom 220v aljzattal es 2db usb aljzattal","og_url":"https:\/\/prestrend.ro\/hu\/termek\/munkalapba-sullyesztheto-konnektor-harom-220v-aljzattal-es-2db-usb-aljzattal\/","og_site_name":"Prestrend","article_publisher":"https:\/\/www.facebook.com\/profile.php?id=100005798148721","og_image":[{"width":225,"height":225,"url":"https:\/\/prestrend.ro\/wp-content\/uploads\/2024\/05\/ae-pbsuc2gs-53.jpg","type":"image\/jpeg"}],"twitter_card":"summary_large_image","twitter_misc":{"\u00c1r":"205,00&nbsp;lei","El\u00e9rhet\u0151s\u00e9g":"K\u00e9szleten"},"schema":{"@context":"https:\/\/schema.org","@graph":[{"@type":"WebPage","@id":"https:\/\/prestrend.ro\/hu\/termek\/munkalapba-sullyesztheto-konnektor-harom-220v-aljzattal-es-2db-usb-aljzattal\/","url":"https:\/\/prestrend.ro\/hu\/termek\/munkalapba-sullyesztheto-konnektor-harom-220v-aljzattal-es-2db-usb-aljzattal\/","name":"munkalapba sullyesztheto konnektor harom 220v aljzattal es 2db usb aljzattal - Prestrend","isPartOf":{"@id":"https:\/\/prestrend.ro\/hu\/#website"},"primaryImageOfPage":{"@id":"https:\/\/prestrend.ro\/hu\/termek\/munkalapba-sullyesztheto-konnektor-harom-220v-aljzattal-es-2db-usb-aljzattal\/#primaryimage"},"image":{"@id":"https:\/\/prestrend.ro\/hu\/termek\/munkalapba-sullyesztheto-konnektor-harom-220v-aljzattal-es-2db-usb-aljzattal\/#primaryimage"},"thumbnailUrl":"https:\/\/prestrend.ro\/wp-content\/uploads\/2024\/05\/ae-pbsuc2gs-53.jpg","datePublished":"2024-05-18T15:41:48+00:00","breadcrumb":{"@id":"https:\/\/prestrend.ro\/hu\/termek\/munkalapba-sullyesztheto-konnektor-harom-220v-aljzattal-es-2db-usb-aljzattal\/#breadcrumb"},"inLanguage":"hu","potentialAction":[{"@type":"ReadAction","target":["https:\/\/prestrend.ro\/hu\/termek\/munkalapba-sullyesztheto-konnektor-harom-220v-aljzattal-es-2db-usb-aljzattal\/"]}]},{"@type":"ImageObject","inLanguage":"hu","@id":"https:\/\/prestrend.ro\/hu\/termek\/munkalapba-sullyesztheto-konnektor-harom-220v-aljzattal-es-2db-usb-aljzattal\/#primaryimage","url":"https:\/\/prestrend.ro\/wp-content\/uploads\/2024\/05\/ae-pbsuc2gs-53.jpg","contentUrl":"https:\/\/prestrend.ro\/wp-content\/uploads\/2024\/05\/ae-pbsuc2gs-53.jpg","width":225,"height":225},{"@type":"BreadcrumbList","@id":"https:\/\/prestrend.ro\/hu\/termek\/munkalapba-sullyesztheto-konnektor-harom-220v-aljzattal-es-2db-usb-aljzattal\/#breadcrumb","itemListElement":[{"@type":"ListItem","position":1,"name":"Home","item":"https:\/\/prestrend.ro\/hu\/"},{"@type":"ListItem","position":2,"name":"Produse","item":"https:\/\/prestrend.ro\/produse\/"},{"@type":"ListItem","position":3,"name":"munkalapba sullyesztheto konnektor harom 220v aljzattal es 2db usb aljzattal"}]},{"@type":"WebSite","@id":"https:\/\/prestrend.ro\/hu\/#website","url":"https:\/\/prestrend.ro\/hu\/","name":"Prestrend","description":"Accesorii mobil\u0103 de la A la Z","publisher":{"@id":"https:\/\/prestrend.ro\/hu\/#organization"},"potentialAction":[{"@type":"SearchAction","target":{"@type":"EntryPoint","urlTemplate":"https:\/\/prestrend.ro\/hu\/?s={search_term_string}"},"query-input":{"@type":"PropertyValueSpecification","valueRequired":true,"valueName":"search_term_string"}}],"inLanguage":"hu"},{"@type":"Organization","@id":"https:\/\/prestrend.ro\/hu\/#organization","name":"Prestrend","url":"https:\/\/prestrend.ro\/hu\/","logo":{"@type":"ImageObject","inLanguage":"hu","@id":"https:\/\/prestrend.ro\/hu\/#\/schema\/logo\/image\/","url":"https:\/\/prestrend.ro\/wp-content\/uploads\/2024\/03\/logo-prestrend@2x.png","contentUrl":"https:\/\/prestrend.ro\/wp-content\/uploads\/2024\/03\/logo-prestrend@2x.png","width":580,"height":44,"caption":"Prestrend"},"image":{"@id":"https:\/\/prestrend.ro\/hu\/#\/schema\/logo\/image\/"},"sameAs":["https:\/\/www.facebook.com\/profile.php?id=100005798148721"]}]},"product_price_amount":"205.00","product_price_currency":"RON","og_availability":"instock","product_availability":"instock","product_retailer_item_id":"ae-pbscuc2gs-53","product_condition":"new"},"_links":{"self":[{"href":"https:\/\/prestrend.ro\/hu\/wp-json\/wp\/v2\/product\/2287","targetHints":{"allow":["GET"]}}],"collection":[{"href":"https:\/\/prestrend.ro\/hu\/wp-json\/wp\/v2\/product"}],"about":[{"href":"https:\/\/prestrend.ro\/hu\/wp-json\/wp\/v2\/types\/product"}],"replies":[{"embeddable":true,"href":"https:\/\/prestrend.ro\/hu\/wp-json\/wp\/v2\/comments?post=2287"}],"wp:featuredmedia":[{"embeddable":true,"href":"https:\/\/prestrend.ro\/hu\/wp-json\/wp\/v2\/media\/2286"}],"wp:attachment":[{"href":"https:\/\/prestrend.ro\/hu\/wp-json\/wp\/v2\/media?parent=2287"}],"wp:term":[{"taxonomy":"product_brand","embeddable":true,"href":"https:\/\/prestrend.ro\/hu\/wp-json\/wp\/v2\/product_brand?post=2287"},{"taxonomy":"product_cat","embeddable":true,"href":"https:\/\/prestrend.ro\/hu\/wp-json\/wp\/v2\/product_cat?post=2287"},{"taxonomy":"product_tag","embeddable":true,"href":"https:\/\/prestrend.ro\/hu\/wp-json\/wp\/v2\/product_tag?post=2287"}],"curies":[{"name":"wp","href":"https:\/\/api.w.org\/{rel}","templated":true}]}}