{"id":5997,"date":"2024-07-19T19:37:38","date_gmt":"2024-07-19T19:37:38","guid":{"rendered":"https:\/\/prestrend.ro\/product\/fekete-toloajto-fogantyuprofil-2-7m-hosszu-novo-s\/"},"modified":"2024-07-19T19:37:38","modified_gmt":"2024-07-19T19:37:38","slug":"fekete-toloajto-fogantyuprofil-2-7m-hosszu-novo-s","status":"publish","type":"product","link":"https:\/\/prestrend.ro\/hu\/termek\/fekete-toloajto-fogantyuprofil-2-7m-hosszu-novo-s\/","title":{"rendered":"Fekete toloajto fogantyuprofil 2.7m hosszu Novo S"},"content":{"rendered":"<p>Fekete toloajto fogantyuprofil 2.7m hosszu Novo S Toloajto fogantyuprofil alu szinben GTV NovoS 2.7m Descoperi\u021bi echilibrul perfect \u00eentre func\u021bionalitate \u0219i design estetic cu <em>Profilul m\u00e2ner<\/em> Novo S pentru <em>u\u0219i<\/em> glisante si garderobe. Profilul dispune de canal pentru perie atat in parete de fata cat si in interior.<\/p>\n","protected":false},"excerpt":{"rendered":"<p>Fekete toloajto fogantyuprofil 2.7m hosszu Novo S Toloajto fogantyuprofil alu szinben GTV NovoS 2.7m Descoperi\u021bi echilibrul perfect \u00eentre func\u021bionalitate \u0219i<\/p>\n","protected":false},"featured_media":5996,"comment_status":"open","ping_status":"closed","template":"","meta":[],"product_brand":[],"product_cat":[317],"product_tag":[],"class_list":{"0":"post-5997","1":"product","2":"type-product","3":"status-publish","4":"has-post-thumbnail","6":"product_cat-sevroll-alfa-arany-szinu-toloajto-fogantyuprofil","8":"first","9":"instock","10":"taxable","11":"shipping-taxable","12":"purchasable","13":"product-type-simple"},"yoast_head":"<!-- This site is optimized with the Yoast SEO Premium plugin v23.0 (Yoast SEO v25.7) - https:\/\/yoast.com\/wordpress\/plugins\/seo\/ -->\n<title>Fekete toloajto fogantyuprofil 2.7m hosszu Novo S - Prestrend<\/title>\n<meta name=\"description\" content=\"Fekete toloajto fogantyuprofil 2.7m hosszu Novo S Fekete toloajto fogantyuprofil 2.7m hosszu Novo S Fekete toloajto fogantyuprofil 2.7m hosszu Novo S\" \/>\n<meta name=\"robots\" content=\"index, follow, max-snippet:-1, max-image-preview:large, max-video-preview:-1\" \/>\n<link rel=\"canonical\" href=\"https:\/\/prestrend.ro\/hu\/termek\/fekete-toloajto-fogantyuprofil-2-7m-hosszu-novo-s\/\" \/>\n<meta property=\"og:locale\" content=\"hu_HU\" \/>\n<meta property=\"og:type\" content=\"article\" \/>\n<meta property=\"og:title\" content=\"Fekete toloajto fogantyuprofil 2.7m hosszu Novo S\" \/>\n<meta property=\"og:description\" content=\"Fekete toloajto fogantyuprofil 2.7m hosszu Novo S Fekete toloajto fogantyuprofil 2.7m hosszu Novo S Fekete toloajto fogantyuprofil 2.7m hosszu Novo S\" \/>\n<meta property=\"og:url\" content=\"https:\/\/prestrend.ro\/hu\/termek\/fekete-toloajto-fogantyuprofil-2-7m-hosszu-novo-s\/\" \/>\n<meta property=\"og:site_name\" content=\"Prestrend\" \/>\n<meta property=\"article:publisher\" content=\"https:\/\/www.facebook.com\/profile.php?id=100005798148721\" \/>\n<meta property=\"og:image\" content=\"https:\/\/prestrend.ro\/wp-content\/uploads\/2024\/07\/a-rnovs-270-20-2.webp\" \/>\n\t<meta property=\"og:image:width\" content=\"1200\" \/>\n\t<meta property=\"og:image:height\" content=\"800\" \/>\n\t<meta property=\"og:image:type\" content=\"image\/webp\" \/>\n<meta name=\"twitter:card\" content=\"summary_large_image\" \/>\n<meta name=\"twitter:label1\" content=\"\u00c1r\" \/>\n\t<meta name=\"twitter:data1\" content=\"65,00&nbsp;lei\" \/>\n\t<meta name=\"twitter:label2\" content=\"El\u00e9rhet\u0151s\u00e9g\" \/>\n\t<meta name=\"twitter:data2\" content=\"K\u00e9szleten\" \/>\n<script type=\"application\/ld+json\" class=\"yoast-schema-graph\">{\"@context\":\"https:\/\/schema.org\",\"@graph\":[{\"@type\":\"WebPage\",\"@id\":\"https:\/\/prestrend.ro\/hu\/termek\/fekete-toloajto-fogantyuprofil-2-7m-hosszu-novo-s\/\",\"url\":\"https:\/\/prestrend.ro\/hu\/termek\/fekete-toloajto-fogantyuprofil-2-7m-hosszu-novo-s\/\",\"name\":\"Fekete toloajto fogantyuprofil 2.7m hosszu Novo S - Prestrend\",\"isPartOf\":{\"@id\":\"https:\/\/prestrend.ro\/hu\/#website\"},\"primaryImageOfPage\":{\"@id\":\"https:\/\/prestrend.ro\/hu\/termek\/fekete-toloajto-fogantyuprofil-2-7m-hosszu-novo-s\/#primaryimage\"},\"image\":{\"@id\":\"https:\/\/prestrend.ro\/hu\/termek\/fekete-toloajto-fogantyuprofil-2-7m-hosszu-novo-s\/#primaryimage\"},\"thumbnailUrl\":\"https:\/\/prestrend.ro\/wp-content\/uploads\/2024\/07\/a-rnovs-270-20-2.webp\",\"datePublished\":\"2024-07-19T19:37:38+00:00\",\"description\":\"Fekete toloajto fogantyuprofil 2.7m hosszu Novo S Fekete toloajto fogantyuprofil 2.7m hosszu Novo S Fekete toloajto fogantyuprofil 2.7m hosszu Novo S\",\"breadcrumb\":{\"@id\":\"https:\/\/prestrend.ro\/hu\/termek\/fekete-toloajto-fogantyuprofil-2-7m-hosszu-novo-s\/#breadcrumb\"},\"inLanguage\":\"hu\",\"potentialAction\":[{\"@type\":\"ReadAction\",\"target\":[\"https:\/\/prestrend.ro\/hu\/termek\/fekete-toloajto-fogantyuprofil-2-7m-hosszu-novo-s\/\"]}]},{\"@type\":\"ImageObject\",\"inLanguage\":\"hu\",\"@id\":\"https:\/\/prestrend.ro\/hu\/termek\/fekete-toloajto-fogantyuprofil-2-7m-hosszu-novo-s\/#primaryimage\",\"url\":\"https:\/\/prestrend.ro\/wp-content\/uploads\/2024\/07\/a-rnovs-270-20-2.webp\",\"contentUrl\":\"https:\/\/prestrend.ro\/wp-content\/uploads\/2024\/07\/a-rnovs-270-20-2.webp\",\"width\":1200,\"height\":800,\"caption\":\"Profil maner usa glisanta\"},{\"@type\":\"BreadcrumbList\",\"@id\":\"https:\/\/prestrend.ro\/hu\/termek\/fekete-toloajto-fogantyuprofil-2-7m-hosszu-novo-s\/#breadcrumb\",\"itemListElement\":[{\"@type\":\"ListItem\",\"position\":1,\"name\":\"Home\",\"item\":\"https:\/\/prestrend.ro\/hu\/\"},{\"@type\":\"ListItem\",\"position\":2,\"name\":\"Produse\",\"item\":\"https:\/\/prestrend.ro\/produse\/\"},{\"@type\":\"ListItem\",\"position\":3,\"name\":\"Fekete toloajto fogantyuprofil 2.7m hosszu Novo S\"}]},{\"@type\":\"WebSite\",\"@id\":\"https:\/\/prestrend.ro\/hu\/#website\",\"url\":\"https:\/\/prestrend.ro\/hu\/\",\"name\":\"Prestrend\",\"description\":\"Accesorii mobil\u0103 de la A la Z\",\"publisher\":{\"@id\":\"https:\/\/prestrend.ro\/hu\/#organization\"},\"potentialAction\":[{\"@type\":\"SearchAction\",\"target\":{\"@type\":\"EntryPoint\",\"urlTemplate\":\"https:\/\/prestrend.ro\/hu\/?s={search_term_string}\"},\"query-input\":{\"@type\":\"PropertyValueSpecification\",\"valueRequired\":true,\"valueName\":\"search_term_string\"}}],\"inLanguage\":\"hu\"},{\"@type\":\"Organization\",\"@id\":\"https:\/\/prestrend.ro\/hu\/#organization\",\"name\":\"Prestrend\",\"url\":\"https:\/\/prestrend.ro\/hu\/\",\"logo\":{\"@type\":\"ImageObject\",\"inLanguage\":\"hu\",\"@id\":\"https:\/\/prestrend.ro\/hu\/#\/schema\/logo\/image\/\",\"url\":\"https:\/\/prestrend.ro\/wp-content\/uploads\/2024\/03\/logo-prestrend@2x.png\",\"contentUrl\":\"https:\/\/prestrend.ro\/wp-content\/uploads\/2024\/03\/logo-prestrend@2x.png\",\"width\":580,\"height\":44,\"caption\":\"Prestrend\"},\"image\":{\"@id\":\"https:\/\/prestrend.ro\/hu\/#\/schema\/logo\/image\/\"},\"sameAs\":[\"https:\/\/www.facebook.com\/profile.php?id=100005798148721\"]}]}<\/script>\n<meta property=\"product:price:amount\" content=\"65.00\" \/>\n<meta property=\"product:price:currency\" content=\"RON\" \/>\n<meta property=\"og:availability\" content=\"instock\" \/>\n<meta property=\"product:availability\" content=\"instock\" \/>\n<meta property=\"product:retailer_item_id\" content=\"05745\" \/>\n<meta property=\"product:condition\" content=\"new\" \/>\n<!-- \/ Yoast SEO Premium plugin. -->","yoast_head_json":{"title":"Fekete toloajto fogantyuprofil 2.7m hosszu Novo S - Prestrend","description":"Fekete toloajto fogantyuprofil 2.7m hosszu Novo S Fekete toloajto fogantyuprofil 2.7m hosszu Novo S Fekete toloajto fogantyuprofil 2.7m hosszu Novo S","robots":{"index":"index","follow":"follow","max-snippet":"max-snippet:-1","max-image-preview":"max-image-preview:large","max-video-preview":"max-video-preview:-1"},"canonical":"https:\/\/prestrend.ro\/hu\/termek\/fekete-toloajto-fogantyuprofil-2-7m-hosszu-novo-s\/","og_locale":"hu_HU","og_type":"article","og_title":"Fekete toloajto fogantyuprofil 2.7m hosszu Novo S","og_description":"Fekete toloajto fogantyuprofil 2.7m hosszu Novo S Fekete toloajto fogantyuprofil 2.7m hosszu Novo S Fekete toloajto fogantyuprofil 2.7m hosszu Novo S","og_url":"https:\/\/prestrend.ro\/hu\/termek\/fekete-toloajto-fogantyuprofil-2-7m-hosszu-novo-s\/","og_site_name":"Prestrend","article_publisher":"https:\/\/www.facebook.com\/profile.php?id=100005798148721","og_image":[{"width":1200,"height":800,"url":"https:\/\/prestrend.ro\/wp-content\/uploads\/2024\/07\/a-rnovs-270-20-2.webp","type":"image\/webp"}],"twitter_card":"summary_large_image","twitter_misc":{"\u00c1r":"65,00&nbsp;lei","El\u00e9rhet\u0151s\u00e9g":"K\u00e9szleten"},"schema":{"@context":"https:\/\/schema.org","@graph":[{"@type":"WebPage","@id":"https:\/\/prestrend.ro\/hu\/termek\/fekete-toloajto-fogantyuprofil-2-7m-hosszu-novo-s\/","url":"https:\/\/prestrend.ro\/hu\/termek\/fekete-toloajto-fogantyuprofil-2-7m-hosszu-novo-s\/","name":"Fekete toloajto fogantyuprofil 2.7m hosszu Novo S - Prestrend","isPartOf":{"@id":"https:\/\/prestrend.ro\/hu\/#website"},"primaryImageOfPage":{"@id":"https:\/\/prestrend.ro\/hu\/termek\/fekete-toloajto-fogantyuprofil-2-7m-hosszu-novo-s\/#primaryimage"},"image":{"@id":"https:\/\/prestrend.ro\/hu\/termek\/fekete-toloajto-fogantyuprofil-2-7m-hosszu-novo-s\/#primaryimage"},"thumbnailUrl":"https:\/\/prestrend.ro\/wp-content\/uploads\/2024\/07\/a-rnovs-270-20-2.webp","datePublished":"2024-07-19T19:37:38+00:00","description":"Fekete toloajto fogantyuprofil 2.7m hosszu Novo S Fekete toloajto fogantyuprofil 2.7m hosszu Novo S Fekete toloajto fogantyuprofil 2.7m hosszu Novo S","breadcrumb":{"@id":"https:\/\/prestrend.ro\/hu\/termek\/fekete-toloajto-fogantyuprofil-2-7m-hosszu-novo-s\/#breadcrumb"},"inLanguage":"hu","potentialAction":[{"@type":"ReadAction","target":["https:\/\/prestrend.ro\/hu\/termek\/fekete-toloajto-fogantyuprofil-2-7m-hosszu-novo-s\/"]}]},{"@type":"ImageObject","inLanguage":"hu","@id":"https:\/\/prestrend.ro\/hu\/termek\/fekete-toloajto-fogantyuprofil-2-7m-hosszu-novo-s\/#primaryimage","url":"https:\/\/prestrend.ro\/wp-content\/uploads\/2024\/07\/a-rnovs-270-20-2.webp","contentUrl":"https:\/\/prestrend.ro\/wp-content\/uploads\/2024\/07\/a-rnovs-270-20-2.webp","width":1200,"height":800,"caption":"Profil maner usa glisanta"},{"@type":"BreadcrumbList","@id":"https:\/\/prestrend.ro\/hu\/termek\/fekete-toloajto-fogantyuprofil-2-7m-hosszu-novo-s\/#breadcrumb","itemListElement":[{"@type":"ListItem","position":1,"name":"Home","item":"https:\/\/prestrend.ro\/hu\/"},{"@type":"ListItem","position":2,"name":"Produse","item":"https:\/\/prestrend.ro\/produse\/"},{"@type":"ListItem","position":3,"name":"Fekete toloajto fogantyuprofil 2.7m hosszu Novo S"}]},{"@type":"WebSite","@id":"https:\/\/prestrend.ro\/hu\/#website","url":"https:\/\/prestrend.ro\/hu\/","name":"Prestrend","description":"Accesorii mobil\u0103 de la A la Z","publisher":{"@id":"https:\/\/prestrend.ro\/hu\/#organization"},"potentialAction":[{"@type":"SearchAction","target":{"@type":"EntryPoint","urlTemplate":"https:\/\/prestrend.ro\/hu\/?s={search_term_string}"},"query-input":{"@type":"PropertyValueSpecification","valueRequired":true,"valueName":"search_term_string"}}],"inLanguage":"hu"},{"@type":"Organization","@id":"https:\/\/prestrend.ro\/hu\/#organization","name":"Prestrend","url":"https:\/\/prestrend.ro\/hu\/","logo":{"@type":"ImageObject","inLanguage":"hu","@id":"https:\/\/prestrend.ro\/hu\/#\/schema\/logo\/image\/","url":"https:\/\/prestrend.ro\/wp-content\/uploads\/2024\/03\/logo-prestrend@2x.png","contentUrl":"https:\/\/prestrend.ro\/wp-content\/uploads\/2024\/03\/logo-prestrend@2x.png","width":580,"height":44,"caption":"Prestrend"},"image":{"@id":"https:\/\/prestrend.ro\/hu\/#\/schema\/logo\/image\/"},"sameAs":["https:\/\/www.facebook.com\/profile.php?id=100005798148721"]}]},"product_price_amount":"65.00","product_price_currency":"RON","og_availability":"instock","product_availability":"instock","product_retailer_item_id":"05745","product_condition":"new"},"_links":{"self":[{"href":"https:\/\/prestrend.ro\/hu\/wp-json\/wp\/v2\/product\/5997","targetHints":{"allow":["GET"]}}],"collection":[{"href":"https:\/\/prestrend.ro\/hu\/wp-json\/wp\/v2\/product"}],"about":[{"href":"https:\/\/prestrend.ro\/hu\/wp-json\/wp\/v2\/types\/product"}],"replies":[{"embeddable":true,"href":"https:\/\/prestrend.ro\/hu\/wp-json\/wp\/v2\/comments?post=5997"}],"wp:featuredmedia":[{"embeddable":true,"href":"https:\/\/prestrend.ro\/hu\/wp-json\/wp\/v2\/media\/5996"}],"wp:attachment":[{"href":"https:\/\/prestrend.ro\/hu\/wp-json\/wp\/v2\/media?parent=5997"}],"wp:term":[{"taxonomy":"product_brand","embeddable":true,"href":"https:\/\/prestrend.ro\/hu\/wp-json\/wp\/v2\/product_brand?post=5997"},{"taxonomy":"product_cat","embeddable":true,"href":"https:\/\/prestrend.ro\/hu\/wp-json\/wp\/v2\/product_cat?post=5997"},{"taxonomy":"product_tag","embeddable":true,"href":"https:\/\/prestrend.ro\/hu\/wp-json\/wp\/v2\/product_tag?post=5997"}],"curies":[{"name":"wp","href":"https:\/\/api.w.org\/{rel}","templated":true}]}}