{"id":6850,"date":"2024-08-25T17:00:12","date_gmt":"2024-08-25T17:00:12","guid":{"rendered":"https:\/\/prestrend.ro\/product\/arany-szinu-felso-toloajtosin-2-3m-hosszu\/"},"modified":"2024-08-25T17:00:12","modified_gmt":"2024-08-25T17:00:12","slug":"arany-szinu-felso-toloajtosin-2-3m-hosszu","status":"publish","type":"product","link":"https:\/\/prestrend.ro\/hu\/termek\/arany-szinu-felso-toloajtosin-2-3m-hosszu\/","title":{"rendered":"Arany szinu felso toloajtosin 2.3m hosszu"},"content":{"rendered":"<p>Arany szinu felso toloajtosin 2.3m hosszu Arany szinu felso toloajtosin 2.3m hosszu Arany szinu felso toloajtosin 2.3m hosszu Arany szinu felso toloajtosin 2.3m hosszu Arany szinu felso toloajtosin 2.3m hosszu Arany szinu felso toloajtosin 2.3m hosszu Arany szinu felso toloajtosin 2.3m hosszu<\/p>\n","protected":false},"excerpt":{"rendered":"<p>Arany szinu felso toloajtosin 2.3m hosszu Arany szinu felso toloajtosin 2.3m hosszu Arany szinu felso toloajtosin 2.3m hosszu Arany szinu felso toloajtosin 2.3m hosszu Arany szinu felso toloajtosin 2.3m hosszu<\/p>\n","protected":false},"featured_media":6670,"comment_status":"open","ping_status":"closed","template":"","meta":[],"product_brand":[],"product_cat":[315],"product_tag":[],"class_list":{"0":"post-6850","1":"product","2":"type-product","3":"status-publish","4":"has-post-thumbnail","6":"product_cat-6m-sevroll-gemini-aluminium-felso-sin","8":"first","9":"instock","10":"taxable","11":"shipping-taxable","12":"purchasable","13":"product-type-simple"},"yoast_head":"<!-- This site is optimized with the Yoast SEO Premium plugin v23.0 (Yoast SEO v25.7) - https:\/\/yoast.com\/wordpress\/plugins\/seo\/ -->\n<title>Arany szinu felso toloajtosin 2.3m hosszu - Prestrend<\/title>\n<meta name=\"description\" content=\"Arany szinu felso toloajtosin 2.3m hosszu Arany szinu felso toloajtosin 2.3m hosszu Arany szinu felso toloajtosin 2.3m hosszu\" \/>\n<meta name=\"robots\" content=\"index, follow, max-snippet:-1, max-image-preview:large, max-video-preview:-1\" \/>\n<link rel=\"canonical\" href=\"https:\/\/prestrend.ro\/hu\/termek\/arany-szinu-felso-toloajtosin-2-3m-hosszu\/\" \/>\n<meta property=\"og:locale\" content=\"hu_HU\" \/>\n<meta property=\"og:type\" content=\"article\" \/>\n<meta property=\"og:title\" content=\"Arany szinu felso toloajtosin 2.3m hosszu\" \/>\n<meta property=\"og:description\" content=\"Arany szinu felso toloajtosin 2.3m hosszu Arany szinu felso toloajtosin 2.3m hosszu Arany szinu felso toloajtosin 2.3m hosszu\" \/>\n<meta property=\"og:url\" content=\"https:\/\/prestrend.ro\/hu\/termek\/arany-szinu-felso-toloajtosin-2-3m-hosszu\/\" \/>\n<meta property=\"og:site_name\" content=\"Prestrend\" \/>\n<meta property=\"article:publisher\" content=\"https:\/\/www.facebook.com\/profile.php?id=100005798148721\" \/>\n<meta property=\"og:image\" content=\"https:\/\/prestrend.ro\/wp-content\/uploads\/2024\/08\/sevroll-gemini-superior-auriu.webp\" \/>\n\t<meta property=\"og:image:width\" content=\"256\" \/>\n\t<meta property=\"og:image:height\" content=\"197\" \/>\n\t<meta property=\"og:image:type\" content=\"image\/webp\" \/>\n<meta name=\"twitter:card\" content=\"summary_large_image\" \/>\n<meta name=\"twitter:label1\" content=\"\u00c1r\" \/>\n\t<meta name=\"twitter:data1\" content=\"115,00&nbsp;lei\" \/>\n\t<meta name=\"twitter:label2\" content=\"El\u00e9rhet\u0151s\u00e9g\" \/>\n\t<meta name=\"twitter:data2\" content=\"K\u00e9szleten\" \/>\n<script type=\"application\/ld+json\" class=\"yoast-schema-graph\">{\"@context\":\"https:\/\/schema.org\",\"@graph\":[{\"@type\":\"WebPage\",\"@id\":\"https:\/\/prestrend.ro\/hu\/termek\/arany-szinu-felso-toloajtosin-2-3m-hosszu\/\",\"url\":\"https:\/\/prestrend.ro\/hu\/termek\/arany-szinu-felso-toloajtosin-2-3m-hosszu\/\",\"name\":\"Arany szinu felso toloajtosin 2.3m hosszu - Prestrend\",\"isPartOf\":{\"@id\":\"https:\/\/prestrend.ro\/hu\/#website\"},\"primaryImageOfPage\":{\"@id\":\"https:\/\/prestrend.ro\/hu\/termek\/arany-szinu-felso-toloajtosin-2-3m-hosszu\/#primaryimage\"},\"image\":{\"@id\":\"https:\/\/prestrend.ro\/hu\/termek\/arany-szinu-felso-toloajtosin-2-3m-hosszu\/#primaryimage\"},\"thumbnailUrl\":\"https:\/\/prestrend.ro\/wp-content\/uploads\/2024\/08\/sevroll-gemini-superior-auriu.webp\",\"datePublished\":\"2024-08-25T17:00:12+00:00\",\"description\":\"Arany szinu felso toloajtosin 2.3m hosszu Arany szinu felso toloajtosin 2.3m hosszu Arany szinu felso toloajtosin 2.3m hosszu\",\"breadcrumb\":{\"@id\":\"https:\/\/prestrend.ro\/hu\/termek\/arany-szinu-felso-toloajtosin-2-3m-hosszu\/#breadcrumb\"},\"inLanguage\":\"hu\",\"potentialAction\":[{\"@type\":\"ReadAction\",\"target\":[\"https:\/\/prestrend.ro\/hu\/termek\/arany-szinu-felso-toloajtosin-2-3m-hosszu\/\"]}]},{\"@type\":\"ImageObject\",\"inLanguage\":\"hu\",\"@id\":\"https:\/\/prestrend.ro\/hu\/termek\/arany-szinu-felso-toloajtosin-2-3m-hosszu\/#primaryimage\",\"url\":\"https:\/\/prestrend.ro\/wp-content\/uploads\/2024\/08\/sevroll-gemini-superior-auriu.webp\",\"contentUrl\":\"https:\/\/prestrend.ro\/wp-content\/uploads\/2024\/08\/sevroll-gemini-superior-auriu.webp\",\"width\":256,\"height\":197,\"caption\":\"4m arany szinu Sevroll Gemini felso sin\"},{\"@type\":\"BreadcrumbList\",\"@id\":\"https:\/\/prestrend.ro\/hu\/termek\/arany-szinu-felso-toloajtosin-2-3m-hosszu\/#breadcrumb\",\"itemListElement\":[{\"@type\":\"ListItem\",\"position\":1,\"name\":\"Home\",\"item\":\"https:\/\/prestrend.ro\/hu\/\"},{\"@type\":\"ListItem\",\"position\":2,\"name\":\"Produse\",\"item\":\"https:\/\/prestrend.ro\/produse\/\"},{\"@type\":\"ListItem\",\"position\":3,\"name\":\"Arany szinu felso toloajtosin 2.3m hosszu\"}]},{\"@type\":\"WebSite\",\"@id\":\"https:\/\/prestrend.ro\/hu\/#website\",\"url\":\"https:\/\/prestrend.ro\/hu\/\",\"name\":\"Prestrend\",\"description\":\"Accesorii mobil\u0103 de la A la Z\",\"publisher\":{\"@id\":\"https:\/\/prestrend.ro\/hu\/#organization\"},\"potentialAction\":[{\"@type\":\"SearchAction\",\"target\":{\"@type\":\"EntryPoint\",\"urlTemplate\":\"https:\/\/prestrend.ro\/hu\/?s={search_term_string}\"},\"query-input\":{\"@type\":\"PropertyValueSpecification\",\"valueRequired\":true,\"valueName\":\"search_term_string\"}}],\"inLanguage\":\"hu\"},{\"@type\":\"Organization\",\"@id\":\"https:\/\/prestrend.ro\/hu\/#organization\",\"name\":\"Prestrend\",\"url\":\"https:\/\/prestrend.ro\/hu\/\",\"logo\":{\"@type\":\"ImageObject\",\"inLanguage\":\"hu\",\"@id\":\"https:\/\/prestrend.ro\/hu\/#\/schema\/logo\/image\/\",\"url\":\"https:\/\/prestrend.ro\/wp-content\/uploads\/2024\/03\/logo-prestrend@2x.png\",\"contentUrl\":\"https:\/\/prestrend.ro\/wp-content\/uploads\/2024\/03\/logo-prestrend@2x.png\",\"width\":580,\"height\":44,\"caption\":\"Prestrend\"},\"image\":{\"@id\":\"https:\/\/prestrend.ro\/hu\/#\/schema\/logo\/image\/\"},\"sameAs\":[\"https:\/\/www.facebook.com\/profile.php?id=100005798148721\"]}]}<\/script>\n<meta property=\"product:price:amount\" content=\"115.00\" \/>\n<meta property=\"product:price:currency\" content=\"RON\" \/>\n<meta property=\"og:availability\" content=\"instock\" \/>\n<meta property=\"product:availability\" content=\"instock\" \/>\n<meta property=\"product:retailer_item_id\" content=\"01032\" \/>\n<meta property=\"product:condition\" content=\"new\" \/>\n<!-- \/ Yoast SEO Premium plugin. -->","yoast_head_json":{"title":"Arany szinu felso toloajtosin 2.3m hosszu - Prestrend","description":"Arany szinu felso toloajtosin 2.3m hosszu Arany szinu felso toloajtosin 2.3m hosszu Arany szinu felso toloajtosin 2.3m hosszu","robots":{"index":"index","follow":"follow","max-snippet":"max-snippet:-1","max-image-preview":"max-image-preview:large","max-video-preview":"max-video-preview:-1"},"canonical":"https:\/\/prestrend.ro\/hu\/termek\/arany-szinu-felso-toloajtosin-2-3m-hosszu\/","og_locale":"hu_HU","og_type":"article","og_title":"Arany szinu felso toloajtosin 2.3m hosszu","og_description":"Arany szinu felso toloajtosin 2.3m hosszu Arany szinu felso toloajtosin 2.3m hosszu Arany szinu felso toloajtosin 2.3m hosszu","og_url":"https:\/\/prestrend.ro\/hu\/termek\/arany-szinu-felso-toloajtosin-2-3m-hosszu\/","og_site_name":"Prestrend","article_publisher":"https:\/\/www.facebook.com\/profile.php?id=100005798148721","og_image":[{"width":256,"height":197,"url":"https:\/\/prestrend.ro\/wp-content\/uploads\/2024\/08\/sevroll-gemini-superior-auriu.webp","type":"image\/webp"}],"twitter_card":"summary_large_image","twitter_misc":{"\u00c1r":"115,00&nbsp;lei","El\u00e9rhet\u0151s\u00e9g":"K\u00e9szleten"},"schema":{"@context":"https:\/\/schema.org","@graph":[{"@type":"WebPage","@id":"https:\/\/prestrend.ro\/hu\/termek\/arany-szinu-felso-toloajtosin-2-3m-hosszu\/","url":"https:\/\/prestrend.ro\/hu\/termek\/arany-szinu-felso-toloajtosin-2-3m-hosszu\/","name":"Arany szinu felso toloajtosin 2.3m hosszu - Prestrend","isPartOf":{"@id":"https:\/\/prestrend.ro\/hu\/#website"},"primaryImageOfPage":{"@id":"https:\/\/prestrend.ro\/hu\/termek\/arany-szinu-felso-toloajtosin-2-3m-hosszu\/#primaryimage"},"image":{"@id":"https:\/\/prestrend.ro\/hu\/termek\/arany-szinu-felso-toloajtosin-2-3m-hosszu\/#primaryimage"},"thumbnailUrl":"https:\/\/prestrend.ro\/wp-content\/uploads\/2024\/08\/sevroll-gemini-superior-auriu.webp","datePublished":"2024-08-25T17:00:12+00:00","description":"Arany szinu felso toloajtosin 2.3m hosszu Arany szinu felso toloajtosin 2.3m hosszu Arany szinu felso toloajtosin 2.3m hosszu","breadcrumb":{"@id":"https:\/\/prestrend.ro\/hu\/termek\/arany-szinu-felso-toloajtosin-2-3m-hosszu\/#breadcrumb"},"inLanguage":"hu","potentialAction":[{"@type":"ReadAction","target":["https:\/\/prestrend.ro\/hu\/termek\/arany-szinu-felso-toloajtosin-2-3m-hosszu\/"]}]},{"@type":"ImageObject","inLanguage":"hu","@id":"https:\/\/prestrend.ro\/hu\/termek\/arany-szinu-felso-toloajtosin-2-3m-hosszu\/#primaryimage","url":"https:\/\/prestrend.ro\/wp-content\/uploads\/2024\/08\/sevroll-gemini-superior-auriu.webp","contentUrl":"https:\/\/prestrend.ro\/wp-content\/uploads\/2024\/08\/sevroll-gemini-superior-auriu.webp","width":256,"height":197,"caption":"4m arany szinu Sevroll Gemini felso sin"},{"@type":"BreadcrumbList","@id":"https:\/\/prestrend.ro\/hu\/termek\/arany-szinu-felso-toloajtosin-2-3m-hosszu\/#breadcrumb","itemListElement":[{"@type":"ListItem","position":1,"name":"Home","item":"https:\/\/prestrend.ro\/hu\/"},{"@type":"ListItem","position":2,"name":"Produse","item":"https:\/\/prestrend.ro\/produse\/"},{"@type":"ListItem","position":3,"name":"Arany szinu felso toloajtosin 2.3m hosszu"}]},{"@type":"WebSite","@id":"https:\/\/prestrend.ro\/hu\/#website","url":"https:\/\/prestrend.ro\/hu\/","name":"Prestrend","description":"Accesorii mobil\u0103 de la A la Z","publisher":{"@id":"https:\/\/prestrend.ro\/hu\/#organization"},"potentialAction":[{"@type":"SearchAction","target":{"@type":"EntryPoint","urlTemplate":"https:\/\/prestrend.ro\/hu\/?s={search_term_string}"},"query-input":{"@type":"PropertyValueSpecification","valueRequired":true,"valueName":"search_term_string"}}],"inLanguage":"hu"},{"@type":"Organization","@id":"https:\/\/prestrend.ro\/hu\/#organization","name":"Prestrend","url":"https:\/\/prestrend.ro\/hu\/","logo":{"@type":"ImageObject","inLanguage":"hu","@id":"https:\/\/prestrend.ro\/hu\/#\/schema\/logo\/image\/","url":"https:\/\/prestrend.ro\/wp-content\/uploads\/2024\/03\/logo-prestrend@2x.png","contentUrl":"https:\/\/prestrend.ro\/wp-content\/uploads\/2024\/03\/logo-prestrend@2x.png","width":580,"height":44,"caption":"Prestrend"},"image":{"@id":"https:\/\/prestrend.ro\/hu\/#\/schema\/logo\/image\/"},"sameAs":["https:\/\/www.facebook.com\/profile.php?id=100005798148721"]}]},"product_price_amount":"115.00","product_price_currency":"RON","og_availability":"instock","product_availability":"instock","product_retailer_item_id":"01032","product_condition":"new"},"_links":{"self":[{"href":"https:\/\/prestrend.ro\/hu\/wp-json\/wp\/v2\/product\/6850","targetHints":{"allow":["GET"]}}],"collection":[{"href":"https:\/\/prestrend.ro\/hu\/wp-json\/wp\/v2\/product"}],"about":[{"href":"https:\/\/prestrend.ro\/hu\/wp-json\/wp\/v2\/types\/product"}],"replies":[{"embeddable":true,"href":"https:\/\/prestrend.ro\/hu\/wp-json\/wp\/v2\/comments?post=6850"}],"wp:featuredmedia":[{"embeddable":true,"href":"https:\/\/prestrend.ro\/hu\/wp-json\/wp\/v2\/media\/6670"}],"wp:attachment":[{"href":"https:\/\/prestrend.ro\/hu\/wp-json\/wp\/v2\/media?parent=6850"}],"wp:term":[{"taxonomy":"product_brand","embeddable":true,"href":"https:\/\/prestrend.ro\/hu\/wp-json\/wp\/v2\/product_brand?post=6850"},{"taxonomy":"product_cat","embeddable":true,"href":"https:\/\/prestrend.ro\/hu\/wp-json\/wp\/v2\/product_cat?post=6850"},{"taxonomy":"product_tag","embeddable":true,"href":"https:\/\/prestrend.ro\/hu\/wp-json\/wp\/v2\/product_tag?post=6850"}],"curies":[{"name":"wp","href":"https:\/\/api.w.org\/{rel}","templated":true}]}}