{"id":6875,"date":"2024-08-29T18:10:45","date_gmt":"2024-08-29T18:10:45","guid":{"rendered":"https:\/\/prestrend.ro\/product\/sevroll-gemini-6m-aluminium-also-sin\/"},"modified":"2024-08-29T18:10:45","modified_gmt":"2024-08-29T18:10:45","slug":"sevroll-gemini-6m-aluminium-also-sin","status":"publish","type":"product","link":"https:\/\/prestrend.ro\/hu\/termek\/sevroll-gemini-6m-aluminium-also-sin\/","title":{"rendered":"Sevroll Gemini 6m aluminium also sin"},"content":{"rendered":"<p>Sevroll Gemini 6m aluminium also sin Sevroll Gemini 6m aluminium also sin Sevroll Gemini 6m aluminium also sin Sevroll Gemini 6m aluminium also sin Sevroll Gemini 6m aluminium also sin 4m aluminium also sin Sevroll Gemini 4m aluminium also sin Sevroll Gemini<\/p>\n","protected":false},"excerpt":{"rendered":"<p>4m aluminium also sin Sevroll Gemini 4m aluminium also sin Sevroll Gemini 4m aluminium also sin Sevroll Gemini 4m aluminium also sin Sevroll Gemini 4m aluminium also sin Sevroll Gemini<\/p>\n","protected":false},"featured_media":6678,"comment_status":"open","ping_status":"closed","template":"","meta":[],"product_brand":[],"product_cat":[316],"product_tag":[],"class_list":{"0":"post-6875","1":"product","2":"type-product","3":"status-publish","4":"has-post-thumbnail","6":"product_cat-sevroll-gemini-2-35m-aluminium-also-sin","8":"first","9":"instock","10":"taxable","11":"shipping-taxable","12":"purchasable","13":"product-type-simple"},"yoast_head":"<!-- This site is optimized with the Yoast SEO Premium plugin v23.0 (Yoast SEO v25.7) - https:\/\/yoast.com\/wordpress\/plugins\/seo\/ -->\n<title>Sevroll Gemini 6m aluminium also sin - Prestrend<\/title>\n<meta name=\"description\" content=\"Sevroll Gemini 6m aluminium also sin Sevroll Gemini 6m aluminium also sin Sevroll Gemini 6m aluminium also sin\" \/>\n<meta name=\"robots\" content=\"index, follow, max-snippet:-1, max-image-preview:large, max-video-preview:-1\" \/>\n<link rel=\"canonical\" href=\"https:\/\/prestrend.ro\/hu\/termek\/sevroll-gemini-6m-aluminium-also-sin\/\" \/>\n<meta property=\"og:locale\" content=\"hu_HU\" \/>\n<meta property=\"og:type\" content=\"article\" \/>\n<meta property=\"og:title\" content=\"Sevroll Gemini 6m aluminium also sin\" \/>\n<meta property=\"og:description\" content=\"Sevroll Gemini 6m aluminium also sin Sevroll Gemini 6m aluminium also sin Sevroll Gemini 6m aluminium also sin\" \/>\n<meta property=\"og:url\" content=\"https:\/\/prestrend.ro\/hu\/termek\/sevroll-gemini-6m-aluminium-also-sin\/\" \/>\n<meta property=\"og:site_name\" content=\"Prestrend\" \/>\n<meta property=\"article:publisher\" content=\"https:\/\/www.facebook.com\/profile.php?id=100005798148721\" \/>\n<meta property=\"og:image\" content=\"https:\/\/prestrend.ro\/wp-content\/uploads\/2024\/08\/sevroll-inferior-aluminiu.webp\" \/>\n\t<meta property=\"og:image:width\" content=\"256\" \/>\n\t<meta property=\"og:image:height\" content=\"197\" \/>\n\t<meta property=\"og:image:type\" content=\"image\/webp\" \/>\n<meta name=\"twitter:card\" content=\"summary_large_image\" \/>\n<meta name=\"twitter:label1\" content=\"\u00c1r\" \/>\n\t<meta name=\"twitter:data1\" content=\"130,00&nbsp;lei\" \/>\n\t<meta name=\"twitter:label2\" content=\"El\u00e9rhet\u0151s\u00e9g\" \/>\n\t<meta name=\"twitter:data2\" content=\"K\u00e9szleten\" \/>\n<script type=\"application\/ld+json\" class=\"yoast-schema-graph\">{\"@context\":\"https:\/\/schema.org\",\"@graph\":[{\"@type\":\"WebPage\",\"@id\":\"https:\/\/prestrend.ro\/hu\/termek\/sevroll-gemini-6m-aluminium-also-sin\/\",\"url\":\"https:\/\/prestrend.ro\/hu\/termek\/sevroll-gemini-6m-aluminium-also-sin\/\",\"name\":\"Sevroll Gemini 6m aluminium also sin - Prestrend\",\"isPartOf\":{\"@id\":\"https:\/\/prestrend.ro\/hu\/#website\"},\"primaryImageOfPage\":{\"@id\":\"https:\/\/prestrend.ro\/hu\/termek\/sevroll-gemini-6m-aluminium-also-sin\/#primaryimage\"},\"image\":{\"@id\":\"https:\/\/prestrend.ro\/hu\/termek\/sevroll-gemini-6m-aluminium-also-sin\/#primaryimage\"},\"thumbnailUrl\":\"https:\/\/prestrend.ro\/wp-content\/uploads\/2024\/08\/sevroll-inferior-aluminiu.webp\",\"datePublished\":\"2024-08-29T18:10:45+00:00\",\"description\":\"Sevroll Gemini 6m aluminium also sin Sevroll Gemini 6m aluminium also sin Sevroll Gemini 6m aluminium also sin\",\"breadcrumb\":{\"@id\":\"https:\/\/prestrend.ro\/hu\/termek\/sevroll-gemini-6m-aluminium-also-sin\/#breadcrumb\"},\"inLanguage\":\"hu\",\"potentialAction\":[{\"@type\":\"ReadAction\",\"target\":[\"https:\/\/prestrend.ro\/hu\/termek\/sevroll-gemini-6m-aluminium-also-sin\/\"]}]},{\"@type\":\"ImageObject\",\"inLanguage\":\"hu\",\"@id\":\"https:\/\/prestrend.ro\/hu\/termek\/sevroll-gemini-6m-aluminium-also-sin\/#primaryimage\",\"url\":\"https:\/\/prestrend.ro\/wp-content\/uploads\/2024\/08\/sevroll-inferior-aluminiu.webp\",\"contentUrl\":\"https:\/\/prestrend.ro\/wp-content\/uploads\/2024\/08\/sevroll-inferior-aluminiu.webp\",\"width\":256,\"height\":197,\"caption\":\"4m aluminium also sin Sevroll Gemini\"},{\"@type\":\"BreadcrumbList\",\"@id\":\"https:\/\/prestrend.ro\/hu\/termek\/sevroll-gemini-6m-aluminium-also-sin\/#breadcrumb\",\"itemListElement\":[{\"@type\":\"ListItem\",\"position\":1,\"name\":\"Home\",\"item\":\"https:\/\/prestrend.ro\/hu\/\"},{\"@type\":\"ListItem\",\"position\":2,\"name\":\"Produse\",\"item\":\"https:\/\/prestrend.ro\/produse\/\"},{\"@type\":\"ListItem\",\"position\":3,\"name\":\"Sevroll Gemini 6m aluminium also sin\"}]},{\"@type\":\"WebSite\",\"@id\":\"https:\/\/prestrend.ro\/hu\/#website\",\"url\":\"https:\/\/prestrend.ro\/hu\/\",\"name\":\"Prestrend\",\"description\":\"Accesorii mobil\u0103 de la A la Z\",\"publisher\":{\"@id\":\"https:\/\/prestrend.ro\/hu\/#organization\"},\"potentialAction\":[{\"@type\":\"SearchAction\",\"target\":{\"@type\":\"EntryPoint\",\"urlTemplate\":\"https:\/\/prestrend.ro\/hu\/?s={search_term_string}\"},\"query-input\":{\"@type\":\"PropertyValueSpecification\",\"valueRequired\":true,\"valueName\":\"search_term_string\"}}],\"inLanguage\":\"hu\"},{\"@type\":\"Organization\",\"@id\":\"https:\/\/prestrend.ro\/hu\/#organization\",\"name\":\"Prestrend\",\"url\":\"https:\/\/prestrend.ro\/hu\/\",\"logo\":{\"@type\":\"ImageObject\",\"inLanguage\":\"hu\",\"@id\":\"https:\/\/prestrend.ro\/hu\/#\/schema\/logo\/image\/\",\"url\":\"https:\/\/prestrend.ro\/wp-content\/uploads\/2024\/03\/logo-prestrend@2x.png\",\"contentUrl\":\"https:\/\/prestrend.ro\/wp-content\/uploads\/2024\/03\/logo-prestrend@2x.png\",\"width\":580,\"height\":44,\"caption\":\"Prestrend\"},\"image\":{\"@id\":\"https:\/\/prestrend.ro\/hu\/#\/schema\/logo\/image\/\"},\"sameAs\":[\"https:\/\/www.facebook.com\/profile.php?id=100005798148721\"]}]}<\/script>\n<meta property=\"product:price:amount\" content=\"130.00\" \/>\n<meta property=\"product:price:currency\" content=\"RON\" \/>\n<meta property=\"og:availability\" content=\"instock\" \/>\n<meta property=\"product:availability\" content=\"instock\" \/>\n<meta property=\"product:retailer_item_id\" content=\"04284\" \/>\n<meta property=\"product:condition\" content=\"new\" \/>\n<!-- \/ Yoast SEO Premium plugin. -->","yoast_head_json":{"title":"Sevroll Gemini 6m aluminium also sin - Prestrend","description":"Sevroll Gemini 6m aluminium also sin Sevroll Gemini 6m aluminium also sin Sevroll Gemini 6m aluminium also sin","robots":{"index":"index","follow":"follow","max-snippet":"max-snippet:-1","max-image-preview":"max-image-preview:large","max-video-preview":"max-video-preview:-1"},"canonical":"https:\/\/prestrend.ro\/hu\/termek\/sevroll-gemini-6m-aluminium-also-sin\/","og_locale":"hu_HU","og_type":"article","og_title":"Sevroll Gemini 6m aluminium also sin","og_description":"Sevroll Gemini 6m aluminium also sin Sevroll Gemini 6m aluminium also sin Sevroll Gemini 6m aluminium also sin","og_url":"https:\/\/prestrend.ro\/hu\/termek\/sevroll-gemini-6m-aluminium-also-sin\/","og_site_name":"Prestrend","article_publisher":"https:\/\/www.facebook.com\/profile.php?id=100005798148721","og_image":[{"width":256,"height":197,"url":"https:\/\/prestrend.ro\/wp-content\/uploads\/2024\/08\/sevroll-inferior-aluminiu.webp","type":"image\/webp"}],"twitter_card":"summary_large_image","twitter_misc":{"\u00c1r":"130,00&nbsp;lei","El\u00e9rhet\u0151s\u00e9g":"K\u00e9szleten"},"schema":{"@context":"https:\/\/schema.org","@graph":[{"@type":"WebPage","@id":"https:\/\/prestrend.ro\/hu\/termek\/sevroll-gemini-6m-aluminium-also-sin\/","url":"https:\/\/prestrend.ro\/hu\/termek\/sevroll-gemini-6m-aluminium-also-sin\/","name":"Sevroll Gemini 6m aluminium also sin - Prestrend","isPartOf":{"@id":"https:\/\/prestrend.ro\/hu\/#website"},"primaryImageOfPage":{"@id":"https:\/\/prestrend.ro\/hu\/termek\/sevroll-gemini-6m-aluminium-also-sin\/#primaryimage"},"image":{"@id":"https:\/\/prestrend.ro\/hu\/termek\/sevroll-gemini-6m-aluminium-also-sin\/#primaryimage"},"thumbnailUrl":"https:\/\/prestrend.ro\/wp-content\/uploads\/2024\/08\/sevroll-inferior-aluminiu.webp","datePublished":"2024-08-29T18:10:45+00:00","description":"Sevroll Gemini 6m aluminium also sin Sevroll Gemini 6m aluminium also sin Sevroll Gemini 6m aluminium also sin","breadcrumb":{"@id":"https:\/\/prestrend.ro\/hu\/termek\/sevroll-gemini-6m-aluminium-also-sin\/#breadcrumb"},"inLanguage":"hu","potentialAction":[{"@type":"ReadAction","target":["https:\/\/prestrend.ro\/hu\/termek\/sevroll-gemini-6m-aluminium-also-sin\/"]}]},{"@type":"ImageObject","inLanguage":"hu","@id":"https:\/\/prestrend.ro\/hu\/termek\/sevroll-gemini-6m-aluminium-also-sin\/#primaryimage","url":"https:\/\/prestrend.ro\/wp-content\/uploads\/2024\/08\/sevroll-inferior-aluminiu.webp","contentUrl":"https:\/\/prestrend.ro\/wp-content\/uploads\/2024\/08\/sevroll-inferior-aluminiu.webp","width":256,"height":197,"caption":"4m aluminium also sin Sevroll Gemini"},{"@type":"BreadcrumbList","@id":"https:\/\/prestrend.ro\/hu\/termek\/sevroll-gemini-6m-aluminium-also-sin\/#breadcrumb","itemListElement":[{"@type":"ListItem","position":1,"name":"Home","item":"https:\/\/prestrend.ro\/hu\/"},{"@type":"ListItem","position":2,"name":"Produse","item":"https:\/\/prestrend.ro\/produse\/"},{"@type":"ListItem","position":3,"name":"Sevroll Gemini 6m aluminium also sin"}]},{"@type":"WebSite","@id":"https:\/\/prestrend.ro\/hu\/#website","url":"https:\/\/prestrend.ro\/hu\/","name":"Prestrend","description":"Accesorii mobil\u0103 de la A la Z","publisher":{"@id":"https:\/\/prestrend.ro\/hu\/#organization"},"potentialAction":[{"@type":"SearchAction","target":{"@type":"EntryPoint","urlTemplate":"https:\/\/prestrend.ro\/hu\/?s={search_term_string}"},"query-input":{"@type":"PropertyValueSpecification","valueRequired":true,"valueName":"search_term_string"}}],"inLanguage":"hu"},{"@type":"Organization","@id":"https:\/\/prestrend.ro\/hu\/#organization","name":"Prestrend","url":"https:\/\/prestrend.ro\/hu\/","logo":{"@type":"ImageObject","inLanguage":"hu","@id":"https:\/\/prestrend.ro\/hu\/#\/schema\/logo\/image\/","url":"https:\/\/prestrend.ro\/wp-content\/uploads\/2024\/03\/logo-prestrend@2x.png","contentUrl":"https:\/\/prestrend.ro\/wp-content\/uploads\/2024\/03\/logo-prestrend@2x.png","width":580,"height":44,"caption":"Prestrend"},"image":{"@id":"https:\/\/prestrend.ro\/hu\/#\/schema\/logo\/image\/"},"sameAs":["https:\/\/www.facebook.com\/profile.php?id=100005798148721"]}]},"product_price_amount":"130.00","product_price_currency":"RON","og_availability":"instock","product_availability":"instock","product_retailer_item_id":"04284","product_condition":"new"},"_links":{"self":[{"href":"https:\/\/prestrend.ro\/hu\/wp-json\/wp\/v2\/product\/6875","targetHints":{"allow":["GET"]}}],"collection":[{"href":"https:\/\/prestrend.ro\/hu\/wp-json\/wp\/v2\/product"}],"about":[{"href":"https:\/\/prestrend.ro\/hu\/wp-json\/wp\/v2\/types\/product"}],"replies":[{"embeddable":true,"href":"https:\/\/prestrend.ro\/hu\/wp-json\/wp\/v2\/comments?post=6875"}],"wp:featuredmedia":[{"embeddable":true,"href":"https:\/\/prestrend.ro\/hu\/wp-json\/wp\/v2\/media\/6678"}],"wp:attachment":[{"href":"https:\/\/prestrend.ro\/hu\/wp-json\/wp\/v2\/media?parent=6875"}],"wp:term":[{"taxonomy":"product_brand","embeddable":true,"href":"https:\/\/prestrend.ro\/hu\/wp-json\/wp\/v2\/product_brand?post=6875"},{"taxonomy":"product_cat","embeddable":true,"href":"https:\/\/prestrend.ro\/hu\/wp-json\/wp\/v2\/product_cat?post=6875"},{"taxonomy":"product_tag","embeddable":true,"href":"https:\/\/prestrend.ro\/hu\/wp-json\/wp\/v2\/product_tag?post=6875"}],"curies":[{"name":"wp","href":"https:\/\/api.w.org\/{rel}","templated":true}]}}